{"id":2765,"date":"2025-12-18T14:38:12","date_gmt":"2025-12-18T14:38:12","guid":{"rendered":"https:\/\/ezlatinoservices.com\/?page_id=2765"},"modified":"2026-01-21T21:52:02","modified_gmt":"2026-01-21T21:52:02","slug":"meet-the-team","status":"publish","type":"page","link":"https:\/\/ezlatinoservices.com\/es\/meet-the-team\/","title":{"rendered":"Conozca al equipo"},"content":{"rendered":"<div data-elementor-type=\"wp-page\" data-elementor-id=\"2765\" class=\"elementor elementor-2765\" data-elementor-post-type=\"page\">\n\t\t\t\t\t\t<section class=\"elementor-section elementor-top-section elementor-element elementor-element-0516d38 elementor-section-boxed elementor-section-height-default elementor-section-height-default\" data-id=\"0516d38\" data-element_type=\"section\">\n\t\t\t\t\t\t<div class=\"elementor-container elementor-column-gap-default\">\n\t\t\t\t\t<div class=\"elementor-column elementor-col-100 elementor-top-column elementor-element elementor-element-bdef872\" data-id=\"bdef872\" data-element_type=\"column\">\n\t\t\t<div class=\"elementor-widget-wrap elementor-element-populated\">\n\t\t\t\t\t\t<div class=\"elementor-element elementor-element-b278597 elementor-widget elementor-widget-heading\" data-id=\"b278597\" data-element_type=\"widget\" data-widget_type=\"heading.default\">\n\t\t\t\t<div class=\"elementor-widget-container\">\n\t\t\t\t\t<h2 class=\"elementor-heading-title elementor-size-default\">Conoce a nuestro equipo<\/h2>\t\t\t\t<\/div>\n\t\t\t\t<\/div>\n\t\t\t\t<div class=\"elementor-element elementor-element-d5ba47b elementor-widget elementor-widget-html\" data-id=\"d5ba47b\" data-element_type=\"widget\" data-widget_type=\"html.default\">\n\t\t\t\t<div class=\"elementor-widget-container\">\n\t\t\t\t\t<style>\r\n  \/* --- CSS Styles --- *\/\r\n  \r\n  .ez-team-container {\r\n    max-width: 1100px;\r\n    margin: 0 auto;\r\n    padding: 40px 20px;\r\n    background-color: #FFFFFF;\r\n    font-family: 'Helvetica Neue', Helvetica, Arial, sans-serif;\r\n    color: #4a4a4a;\r\n  }\r\n\r\n  \/* Common Card Styles *\/\r\n  .ez-team-card {\r\n    background: #fff;\r\n    border: 1px solid #e0e0e0;\r\n    border-radius: 12px;\r\n    overflow: hidden;\r\n    box-shadow: 0 4px 20px rgba(0,0,0,0.06);\r\n    transition: transform 0.3s ease, box-shadow 0.3s ease;\r\n    display: flex;\r\n    flex-direction: column;\r\n  }\r\n\r\n  .ez-team-card:hover {\r\n    transform: translateY(-5px);\r\n    box-shadow: 0 12px 30px rgba(13, 40, 57, 0.15);\r\n  }\r\n\r\n  \/* Image Styles *\/\r\n  .ez-card-image {\r\n    position: relative;\r\n    overflow: hidden;\r\n    width: 100%;\r\n  }\r\n\r\n  .ez-card-image img {\r\n    width: 100%;\r\n    height: 100%;\r\n    object-fit: cover;\r\n    object-position: top center; \/* FIX: Ensures the face is prioritized if cropping happens *\/\r\n    transition: transform 0.5s ease;\r\n  }\r\n  \r\n  .ez-team-card:hover .ez-card-image img {\r\n    transform: scale(1.03);\r\n  }\r\n\r\n  \/* Content Styles *\/\r\n  .ez-card-content {\r\n    padding: 30px;\r\n    flex-grow: 1;\r\n  }\r\n\r\n  .ez-member-name {\r\n    color: #0D2839;\r\n    font-size: 1.6rem;\r\n    margin: 0 0 5px 0;\r\n    font-weight: 800;\r\n  }\r\n\r\n  .ez-member-role {\r\n    display: block;\r\n    color: #C1973E;\r\n    font-size: 0.9rem;\r\n    text-transform: uppercase;\r\n    letter-spacing: 1.2px;\r\n    font-weight: 700;\r\n    margin-bottom: 20px;\r\n    position: relative;\r\n  }\r\n  \r\n  .ez-member-role::after {\r\n      content: '';\r\n      display: block;\r\n      width: 40px;\r\n      height: 2px;\r\n      background-color: #C1973E;\r\n      margin-top: 10px;\r\n  }\r\n\r\n  .ez-member-bio {\r\n    font-size: 1rem;\r\n    line-height: 1.7;\r\n    margin: 0;\r\n  }\r\n\r\n  \/* --- Featured Card (CEO) Styles --- *\/\r\n  .ez-featured-card {\r\n    flex-direction: row;\r\n    min-height: 450px;\r\n    margin-bottom: 50px;\r\n  }\r\n\r\n  .ez-featured-card .ez-card-image {\r\n    flex: 0 0 40%;\r\n    height: auto;\r\n  }\r\n\r\n  .ez-featured-card .ez-card-content {\r\n    flex: 1;\r\n    justify-content: center;\r\n    padding: 40px 50px;\r\n  }\r\n  \r\n  \/* --- Grid Layout for Other Members --- *\/\r\n  .ez-team-grid {\r\n    display: grid;\r\n    grid-template-columns: repeat(auto-fit, minmax(300px, 1fr));\r\n    gap: 30px;\r\n    align-items: stretch;\r\n  }\r\n  \r\n  \/* Portrait Image for Grid Cards *\/\r\n  .ez-team-grid .ez-card-image {\r\n      aspect-ratio: 3 \/ 4; \r\n  }\r\n\r\n  \/* --- Responsive Adjustments --- *\/\r\n  @media (max-width: 900px) {\r\n    .ez-featured-card {\r\n      flex-direction: column;\r\n      min-height: auto;\r\n    }\r\n    \r\n    .ez-featured-card .ez-card-image {\r\n      flex: none;\r\n      width: 100%;\r\n      \/* FIX: Changed from 4\/3 to 3\/4 so it stays a tall portrait like the others *\/\r\n      aspect-ratio: 3 \/ 4; \r\n    }\r\n    \r\n    .ez-featured-card .ez-card-content {\r\n        padding: 30px;\r\n    }\r\n  }\r\n  \r\n  @media (max-width: 768px) {\r\n      .ez-team-container {\r\n          padding: 30px 15px;\r\n      }\r\n  }\r\n<\/style>\r\n\r\n<div class=\"ez-team-container\">\r\n\r\n  <div class=\"ez-team-card ez-featured-card\">\r\n    <div class=\"ez-card-image\">\r\n      <img decoding=\"async\" src=\"https:\/\/ezlatinoservices.com\/wp-content\/uploads\/2025\/12\/z2.png\" alt=\"Zuleima Evaristo\">\r\n    <\/div>\r\n    <div class=\"ez-card-content\">\r\n      <h2 class=\"ez-member-name\">Zuleima Evaristo<\/h2>\r\n      <span class=\"ez-member-role\">Director Ejecutivo<\/span>\r\n      <p class=\"ez-member-bio\">\r\n        My name is Zuleima Evaristo, and I am the owner of EZ Latino Services. My goal was always to achieve financial freedom and independence, which led me to start my own business and become an entrepreneur. I am a tax professional, a licensed insurance agent, a Certified  Acceptance Agent (CAA) and a notary public of NC. I have been a tax professional for 12 years now, ensuring that my clients receive the best service they deserve. I specialize in providing tailored tax solutions for both individuals and small businesses, ensuring they maximize their tax savings and stay compliant with tax laws. In addition to my tax background, I recently expanded into the financial industry-providing insurance, investments, and mortgage loan services-to help families protect what they have and achieve their financial goals. This new chapter allows me to offer a more complete range of services, ensuring my clients are supported not only at tax time, but all year long. As a bilingual professional fluent in both English and Spanish, I am able to provide personalized support to clients in the language they feel most comfortable with. My ability to communicate in both languages helps clients feel heard, informed, and confident when making important financial decisions.\r\n      <\/p>\r\n    <\/div>\r\n  <\/div>\r\n\r\n  <div class=\"ez-team-grid\">\r\n\r\n    <div class=\"ez-team-card\">\r\n      <div class=\"ez-card-image\">\r\n        <img decoding=\"async\" src=\"https:\/\/ezlatinoservices.com\/wp-content\/uploads\/2025\/12\/Headshot-2.jpg\" alt=\"Isabel Leon\">\r\n      <\/div>\r\n      <div class=\"ez-card-content\">\r\n        <h3 class=\"ez-member-name\">Isabel Leon<\/h3>\r\n        <span class=\"ez-member-role\">Preparadora de impuestos<\/span>\r\n        <p class=\"ez-member-bio\">\r\n          Isabel posee excelentes habilidades de atenci\u00f3n al cliente y disfruta genuinamente ayudando a los dem\u00e1s con integridad y respeto. Es confiable, responsable y siempre est\u00e1 dispuesta a asumir nuevos retos. Es completamente biling\u00fce en ingl\u00e9s y espa\u00f1ol, lo que le permite comunicarse con claridad y eficacia con una clientela diversa.\r\n        <\/p>\r\n      <\/div>\r\n    <\/div>\r\n\r\n    <div class=\"ez-team-card\">\r\n      <div class=\"ez-card-image\">\r\n        <img decoding=\"async\" src=\"https:\/\/ezlatinoservices.com\/wp-content\/uploads\/2025\/12\/Karla-Headshot.png\" alt=\"Karla Garcia\">\r\n      <\/div>\r\n      <div class=\"ez-card-content\">\r\n        <h3 class=\"ez-member-name\">Karla Garcia<\/h3>\r\n        <span class=\"ez-member-role\">Preparadora de impuestos<\/span>\r\n        <p class=\"ez-member-bio\">\r\n          Karla es una profesional de impuestos biling\u00fce, dedicada y amable, con una s\u00f3lida experiencia en atenci\u00f3n al cliente y una pasi\u00f3n por el aprendizaje continuo. Disfruta ayudando a sus clientes a comprender sus necesidades fiscales y se enorgullece de preparar declaraciones precisas con cuidado y atenci\u00f3n al detalle. Es organizada, confiable y se compromete a dar lo mejor de s\u00ed en cada situaci\u00f3n. Los clientes pueden esperar una comunicaci\u00f3n clara, paciencia y apoyo personalizado tanto en ingl\u00e9s como en espa\u00f1ol.\r\n        <\/p>\r\n      <\/div>\r\n    <\/div>\r\n\r\n    <div class=\"ez-team-card\">\r\n      <div class=\"ez-card-image\">\r\n        <img decoding=\"async\" src=\"https:\/\/ezlatinoservices.com\/wp-content\/uploads\/2025\/12\/Headshot-Janneth_Lopez.jpg\" alt=\"Janneth Lopez\">\r\n      <\/div>\r\n      <div class=\"ez-card-content\">\r\n        <h3 class=\"ez-member-name\">Janneth Lopez<\/h3>\r\n        <span class=\"ez-member-role\">Preparadora de impuestos<\/span>\r\n        <p class=\"ez-member-bio\">\r\n          Janneth cuenta con m\u00e1s de 9 a\u00f1os de experiencia en el sector financiero y bancario, y le apasiona atender a clientes de todos los or\u00edgenes. Se enorgullece de ayudar a clientes hispanohablantes a navegar el proceso tributario con claridad y confianza, especialmente a aquellos que pueden tener dificultades para comprender los asuntos tributarios. Este compromiso es una de las principales razones por las que eligi\u00f3 una carrera en preparaci\u00f3n de impuestos. Janneth habla ingl\u00e9s y espa\u00f1ol con fluidez.\r\n        <\/p>\r\n      <\/div>\r\n    <\/div>\r\n    \r\n    <div class=\"ez-team-card\">\r\n      <div class=\"ez-card-image\">\r\n        <img decoding=\"async\" src=\"https:\/\/ezlatinoservices.com\/wp-content\/uploads\/2026\/01\/Headshot.jpeg\" alt=\"Helen Atzala\">\r\n      <\/div>\r\n      <div class=\"ez-card-content\">\r\n        <h3 class=\"ez-member-name\">Helen Atzala<\/h3>\r\n        <span class=\"ez-member-role\">Notario p\u00fablico y preparador de impuestos<\/span>\r\n        <p class=\"ez-member-bio\">\r\n          Helen es notaria p\u00fablica biling\u00fce con experiencia en tenedur\u00eda de libros, contabilidad y preparaci\u00f3n de impuestos. Le apasiona ayudar a personas y peque\u00f1as empresas a mantenerse organizadas, cumplir con las normas y a gestionar sus necesidades financieras con confianza y tranquilidad. Su pasi\u00f3n por ayudar a los dem\u00e1s hizo de la preparaci\u00f3n de impuestos una trayectoria profesional natural. Se enorgullece de brindar un apoyo claro, confiable y personalizado a cada cliente que atiende.\r\n        <\/p>\r\n      <\/div>\r\n    <\/div>\r\n  <\/div>\r\n<\/div>\t\t\t\t<\/div>\n\t\t\t\t<\/div>\n\t\t\t\t\t<\/div>\n\t\t<\/div>\n\t\t\t\t\t<\/div>\n\t\t<\/section>\n\t\t\t\t<\/div>","protected":false},"excerpt":{"rendered":"<p>Meet Our Team Zuleima Evaristo CEO My name is Zuleima Evaristo, and I am the owner of EZ Latino Services. My goal was always to achieve financial freedom and independence, which led me to start my own business and become an entrepreneur. I am a tax professional, a licensed insurance agent, a Certified Acceptance Agent [&hellip;]<\/p>","protected":false},"author":1,"featured_media":0,"parent":0,"menu_order":0,"comment_status":"closed","ping_status":"closed","template":"elementor_header_footer","meta":{"footnotes":""},"class_list":["post-2765","page","type-page","status-publish","hentry"],"_hostinger_reach_plugin_has_subscription_block":false,"_hostinger_reach_plugin_is_elementor":false,"_links":{"self":[{"href":"https:\/\/ezlatinoservices.com\/es\/wp-json\/wp\/v2\/pages\/2765","targetHints":{"allow":["GET"]}}],"collection":[{"href":"https:\/\/ezlatinoservices.com\/es\/wp-json\/wp\/v2\/pages"}],"about":[{"href":"https:\/\/ezlatinoservices.com\/es\/wp-json\/wp\/v2\/types\/page"}],"author":[{"embeddable":true,"href":"https:\/\/ezlatinoservices.com\/es\/wp-json\/wp\/v2\/users\/1"}],"replies":[{"embeddable":true,"href":"https:\/\/ezlatinoservices.com\/es\/wp-json\/wp\/v2\/comments?post=2765"}],"version-history":[{"count":28,"href":"https:\/\/ezlatinoservices.com\/es\/wp-json\/wp\/v2\/pages\/2765\/revisions"}],"predecessor-version":[{"id":3012,"href":"https:\/\/ezlatinoservices.com\/es\/wp-json\/wp\/v2\/pages\/2765\/revisions\/3012"}],"wp:attachment":[{"href":"https:\/\/ezlatinoservices.com\/es\/wp-json\/wp\/v2\/media?parent=2765"}],"curies":[{"name":"wp","href":"https:\/\/api.w.org\/{rel}","templated":true}]}}